{"id":70,"date":"2017-10-30T11:38:14","date_gmt":"2017-10-30T10:38:14","guid":{"rendered":"http:\/\/letalent.eu\/?page_id=70"},"modified":"2017-12-02T18:01:07","modified_gmt":"2017-12-02T17:01:07","slug":"lasbl","status":"publish","type":"page","link":"https:\/\/letalent.be\/index.php\/lasbl\/","title":{"rendered":"L&rsquo;ASBL"},"content":{"rendered":"<p>Le projet de d\u00e9veloppement du Talent est soutenu par une asbl cr\u00e9\u00e9e en 2014.<\/p>\n","protected":false},"excerpt":{"rendered":"<p>Le projet de d\u00e9veloppement du Talent est soutenu par une asbl cr\u00e9\u00e9e en 2014.<\/p>\n","protected":false},"author":2,"featured_media":0,"parent":0,"menu_order":0,"comment_status":"closed","ping_status":"closed","template":"","meta":{"footnotes":""},"class_list":["post-70","page","type-page","status-publish","hentry"],"acf":[],"_links":{"self":[{"href":"https:\/\/letalent.be\/index.php\/wp-json\/wp\/v2\/pages\/70","targetHints":{"allow":["GET"]}}],"collection":[{"href":"https:\/\/letalent.be\/index.php\/wp-json\/wp\/v2\/pages"}],"about":[{"href":"https:\/\/letalent.be\/index.php\/wp-json\/wp\/v2\/types\/page"}],"author":[{"embeddable":true,"href":"https:\/\/letalent.be\/index.php\/wp-json\/wp\/v2\/users\/2"}],"replies":[{"embeddable":true,"href":"https:\/\/letalent.be\/index.php\/wp-json\/wp\/v2\/comments?post=70"}],"version-history":[{"count":2,"href":"https:\/\/letalent.be\/index.php\/wp-json\/wp\/v2\/pages\/70\/revisions"}],"predecessor-version":[{"id":429,"href":"https:\/\/letalent.be\/index.php\/wp-json\/wp\/v2\/pages\/70\/revisions\/429"}],"wp:attachment":[{"href":"https:\/\/letalent.be\/index.php\/wp-json\/wp\/v2\/media?parent=70"}],"curies":[{"name":"wp","href":"https:\/\/api.w.org\/{rel}","templated":true}]}}