{"id":61,"date":"2017-10-30T10:49:33","date_gmt":"2017-10-30T09:49:33","guid":{"rendered":"http:\/\/letalent.eu\/?page_id=61"},"modified":"2017-11-05T23:05:25","modified_gmt":"2017-11-05T22:05:25","slug":"devenir-membre","status":"publish","type":"page","link":"https:\/\/letalent.be\/index.php\/devenir-membre\/","title":{"rendered":"Devenir membre"},"content":{"rendered":"<p>Que vous soyez quelqu&rsquo;un qui souhaite d\u00e9penser ses Talents ou un prestataire qui accepte d&rsquo;\u00eatre pay\u00e9 en Talents, participez aux d\u00e9bats et aux d\u00e9cisions de l\u2019assembl\u00e9e g\u00e9n\u00e9rale en devenant membre de l\u2019ASBL \u00ab\u00a0Le Talent\u00a0\u00bb.<\/p>\n<p>Vous pourrez en plus nous apporter une aide concr\u00e8te lors de certaines actions ou de certains \u00e9v\u00e9nements selon vos disponibilit\u00e9s.<\/p>\n<p>Lors de chaque assembl\u00e9e g\u00e9n\u00e9rale, nous accueillons officiellement les nouveaux membres, les nouveaux prestataires et les nouveaux administrateurs s\u2019il y a lieu. Nous prenons \u00e9galement toutes les d\u00e9cisions importantes sur les objectifs et l&rsquo;avenir du Talent.<\/p>\n<p>Prenez contact avec nous par mail \u00e0<em><a href=\"mailto:letalent.bw@gmail.com\"> letalent.bw@gmail.com<\/a><\/em> ou t\u00e9l 0474\/97.02.86.<\/p>\n<p>Vous pouvez payer votre cotisation (pour un an)\u00a0 :<\/p>\n<p>&#8211; soit en virant 5 \u20ac sur le compte <b>BE11 0689 3067 8348<\/b> de l\u2019ASBL \u00ab\u00a0Le Talent\u00a0\u00bb (avec la communication \u00ab cotisation + votre nom \u00bb,<\/p>\n<p>&#8211; soit en payant 5 Talents ou 5 euros avant le commencement de l\u2019assembl\u00e9e g\u00e9n\u00e9rale.<\/p>\n<p>Il est \u00e9galement possible, en vertu de nos statuts, de prester des heures de b\u00e9n\u00e9volat au sein de l\u2019ASBL en lieu et place de la cotisation.<\/p>\n<p>Si, par malheur, vous ne pouvez pas \u00eatre pr\u00e9sent(e) et si vous \u00eates en ordre de cotisation, n\u2019h\u00e9sitez pas \u00e0 envoyer une procuration \u00e0 un autre membre, ou par mail \u00e0<em><a href=\"mailto:letalent.bw@gmail.com\"> letalent.bw@gmail.com <\/a><\/em>selon le mod\u00e8le suivant :<\/p>\n<blockquote>\n<p align=\"left\"><b>PROCURATION <\/b><\/p>\n<p>Une seule procuration par personne.<\/p>\n<p>Les deux personnes concern\u00e9es (le mandant et le mandat\u00e9) doivent \u00eatre toutes les deux membres de l\u2019ASBL et en ordre de cotisation au d\u00e9but de l\u2019Assembl\u00e9e g\u00e9n\u00e9rale.<\/p>\n<p>Je soussign\u00e9(e) \u2026\u2026\u2026\u2026\u2026\u2026\u2026\u2026\u2026\u2026\u2026\u2026\u2026\u2026\u2026\u2026\u2026\u2026\u2026\u2026\u2026\u2026\u2026\u2026\u2026\u2026\u2026\u2026\u2026\u2026\u2026\u2026\u2026\u2026.\u2026\u2026\u2026. donne procuration<\/p>\n<p>\u00e0 \u2026\u2026\u2026\u2026\u2026\u2026\u2026\u2026\u2026\u2026\u2026\u2026\u2026\u2026\u2026\u2026\u2026\u2026\u2026\u2026\u2026\u2026\u2026\u2026\u2026\u2026\u2026\u2026\u2026.<\/p>\n<p>pour me repr\u00e9senter \u00e0 l\u2019Assembl\u00e9e g\u00e9n\u00e9rale du\u2026<\/p><\/blockquote>\n","protected":false},"excerpt":{"rendered":"<p>Que vous soyez quelqu&rsquo;un qui souhaite d\u00e9penser ses Talents ou un prestataire qui accepte d&rsquo;\u00eatre pay\u00e9 en Talents, participez aux d\u00e9bats et aux d\u00e9cisions de l\u2019assembl\u00e9e g\u00e9n\u00e9rale en devenant membre de l\u2019ASBL \u00ab\u00a0Le Talent\u00a0\u00bb. Vous pourrez en plus nous apporter une aide concr\u00e8te lors de certaines actions ou de certains \u00e9v\u00e9nements selon vos disponibilit\u00e9s. Lors [&hellip;]<\/p>\n","protected":false},"author":2,"featured_media":0,"parent":0,"menu_order":0,"comment_status":"closed","ping_status":"closed","template":"","meta":{"footnotes":""},"class_list":["post-61","page","type-page","status-publish","hentry"],"acf":[],"_links":{"self":[{"href":"https:\/\/letalent.be\/index.php\/wp-json\/wp\/v2\/pages\/61","targetHints":{"allow":["GET"]}}],"collection":[{"href":"https:\/\/letalent.be\/index.php\/wp-json\/wp\/v2\/pages"}],"about":[{"href":"https:\/\/letalent.be\/index.php\/wp-json\/wp\/v2\/types\/page"}],"author":[{"embeddable":true,"href":"https:\/\/letalent.be\/index.php\/wp-json\/wp\/v2\/users\/2"}],"replies":[{"embeddable":true,"href":"https:\/\/letalent.be\/index.php\/wp-json\/wp\/v2\/comments?post=61"}],"version-history":[{"count":4,"href":"https:\/\/letalent.be\/index.php\/wp-json\/wp\/v2\/pages\/61\/revisions"}],"predecessor-version":[{"id":242,"href":"https:\/\/letalent.be\/index.php\/wp-json\/wp\/v2\/pages\/61\/revisions\/242"}],"wp:attachment":[{"href":"https:\/\/letalent.be\/index.php\/wp-json\/wp\/v2\/media?parent=61"}],"curies":[{"name":"wp","href":"https:\/\/api.w.org\/{rel}","templated":true}]}}