{"id":55,"date":"2017-10-30T10:46:38","date_gmt":"2017-10-30T09:46:38","guid":{"rendered":"http:\/\/letalent.eu\/?page_id=55"},"modified":"2024-01-21T02:14:19","modified_gmt":"2024-01-21T01:14:19","slug":"comptoirs","status":"publish","type":"page","link":"https:\/\/letalent.be\/index.php\/comptoirs\/","title":{"rendered":"Comptoirs"},"content":{"rendered":"<div class=\"entry-content container clearfix\">\n<h2>Liste des comptoirs de change du Talent<\/h2>\n<p>Changer vos euros en Talents.<\/p>\n<h2>\r\n            \r\n            \r\n            \r\n            <a name='map2'><\/a>\r\n            \r\n            \r\n            \r\n            \r\n            <div class=\"wpgmza_map \"  id=\"wpgmza_map_2\" style=\"display:block; overflow:auto; width:100%; height:400px; float:left;\" data-settings='{\"id\":\"2\",\"map_title\":\"Comptoirs\",\"map_width\":\"100\",\"map_height\":\"400\",\"map_start_lat\":\"50.659778\",\"map_start_lng\":\"4.515991\",\"map_start_location\":\"50.65977769275899,4.515990582031244\",\"map_start_zoom\":\"11\",\"default_marker\":\"0\",\"type\":\"1\",\"alignment\":\"1\",\"directions_enabled\":\"1\",\"styling_enabled\":\"0\",\"styling_json\":\"\",\"active\":\"0\",\"kml\":\"\",\"bicycle\":\"0\",\"traffic\":\"0\",\"dbox\":\"1\",\"dbox_width\":\"100\",\"listmarkers\":\"0\",\"listmarkers_advanced\":\"0\",\"filterbycat\":\"0\",\"ugm_enabled\":\"0\",\"ugm_category_enabled\":\"0\",\"fusion\":\"\",\"map_width_type\":\"\\\\%\",\"map_height_type\":\"px\",\"mass_marker_support\":\"0\",\"ugm_access\":\"0\",\"order_markers_by\":\"1\",\"order_markers_choice\":\"1\",\"show_user_location\":\"2\",\"default_to\":\"\",\"other_settings\":{\"wpgmza_store_locator_restrict\":\"\",\"wpgmza_sl_animation\":\"1\",\"store_locator_query_string\":\"Code Postal \\\/ Adresse\",\"store_locator_name_string\":\"Titre \\\/ Description\",\"store_locator_default_address\":\"\",\"wpgmza_dbox_width_type\":\"%\",\"map_max_zoom\":\"3\",\"map_min_zoom\":\"21\",\"sl_stroke_color\":\"FF0000\",\"sl_stroke_opacity\":\"0.25\",\"sl_fill_color\":\"FF0000\",\"sl_fill_opacity\":\"0.15\",\"click_open_link\":2,\"transport_layer\":0,\"iw_primary_color\":\"2A3744\",\"iw_accent_color\":\"252F3A\",\"iw_text_color\":\"FFFFFF\",\"wpgmza_iw_type\":\"0\",\"list_markers_by\":\"0\",\"push_in_map\":\"\",\"push_in_map_placement\":\"9\",\"wpgmza_push_in_map_width\":\"\",\"wpgmza_push_in_map_height\":\"\",\"wpgmza_theme_data\":\"\",\"upload_default_ul_marker\":\"\",\"upload_default_sl_marker\":\"\",\"shortcodeAttributes\":{\"id\":\"2\"}}}' data-map-id='2' data-shortcode-attributes='{\"id\":\"2\"}'> <\/div>\r\n            \r\n               \r\n        <div style=\"display:block; width:100%;\">\r\n\t\t\t\t\r\n\t\t\t\t<div class=\"wpgmza-directions-box wpgmaps_directions_outer_div\" data-map-id=\"2\" style=\"width:100%;display:none;clear:both;\" id=\"wpgmaps_directions_edit_2\">\n\t<h2 class=\"wpgmza-directions-box__title\">Itin\u00e9raires<\/h2>\n\t\n\t<div class=\"wpgmza-directions-box-inner\" id=\"wpgmaps_directions_editbox_2\">\n\t\t<div class=\"wpgmza-directions-actions wpgmza-form-field\">\n\t\t\t<div class=\"wpgmza-directions__travel-mode\">\n\t\t\t\t<span class=\"wpgmza-travel-mode-option wpgmza-travel-option__selected\" data-mode=\"driving\">\n\t\t\t\t\t<img decoding=\"async\" src=\"https:\/\/letalent.be\/wp-content\/plugins\/wp-google-maps-pro\/images\/icons\/directions_car.png\"><\/span>\n\t\t\t\t<span class=\"wpgmza-travel-mode-option\" data-mode=\"walking\">\n\t\t\t\t\t<img decoding=\"async\" src=\"https:\/\/letalent.be\/wp-content\/plugins\/wp-google-maps-pro\/images\/icons\/directions_walking.png\"><\/span>\n\t\t\t\t<span class=\"wpgmza-travel-mode-option\" data-mode=\"transit\">\n\t\t\t\t\t<img decoding=\"async\" src=\"https:\/\/letalent.be\/wp-content\/plugins\/wp-google-maps-pro\/images\/icons\/directions_transit.png\"><\/span>\n\t\t\t\t<span class=\"wpgmza-travel-mode-option\" data-mode=\"bicycling\">\n\t\t\t\t\t<img decoding=\"async\" src=\"https:\/\/letalent.be\/wp-content\/plugins\/wp-google-maps-pro\/images\/icons\/directions_bike.png\"><\/span>\n\t\t\t<\/div>\n\n\t\t\t<div class=\"wpgmza-directions-locations\">\n\t\t\t\t<div class=\"wpgmza-directions-from wpgmza-form-field\">\n\n\t\t\t\t\t<i class=\"wpgmza-directions-from__icon fa fa-circle\"><\/i>\n\t\t\t\n\t\t\t\t\t<label class=\"wpgmza-form-field__label\" for=\"wpgmza_input_from_2\">\n\t\t\t\t\t\tDepuis\t\t\t\t\t<\/label>\n\t\t\t\t\t\n\t\t\t\t\t<input class=\"wpgmza-address wpgmza-directions-from wpgmza-form-field__input\" type=\"text\" placeholder=\"Depuis\" value=\"\" id=\"wpgmza_input_from_2\"><\/div>\n\n\t\t\t\t<div class=\"wpgmza-directions-to wpgmza-form-field wpgmaps_to_row\">\n\n\t\t\t\t\t<i class=\"wpgmza-directions-to__icon fa fas fa-map-marker\"><\/i>\n\n\t\t\t\t\t<label class=\"wpgmza-form-field__label\" for=\"wpgmza_input_to_2\">\n\t\t\t\t\t\tVers\t\t\t\t\t<\/label>\n\t\t\t\t\t<input class=\"wpgmza-address wpgmza-form-field__input wpgmza-directions-to\" type=\"text\" placeholder=\"Vers\" value=\"\" id=\"wpgmza_input_to_2\"><\/div>\n\t\t\t\t\n\t\t\t\t<div class=\"wpgmza-waypoint-via wpgmza-form-field wpgmza-form-field--no-pad wpgmaps_via wpgmaps_template\">\n\n\t\t\t\t\t<i class=\"wpgmza-directions-from__icon fa fa-circle\"><\/i>\n\t\t\t\t\n\t\t\t\t\t<input class=\"wpgmza-waypoint-via wpgmza-form-field__input wpgmaps_via\" type=\"text\" placeholder=\"Via\"><button href=\"javascript:%20;\" class=\"wpgmza_remove_via\">\n\t\t\t\t\t\t<i class=\"fa fa-times\"><\/i>\n\t\t\t\t\t<\/button>\n\t\t\t\t\t\n\t\t\t\t<\/div>\n\t\t\t\t\n\t\t\t\t<div class=\"wpgmza-add-waypoint wpgmza-form-field wpgmza-form-field--no-pad wpgmaps_add_waypoint\">\n\t\t\t\t\t<div class=\"wpgmaps_add_waypoint\">\n\t\t\t\t\t\t<a href=\"javascript:%20;\" class=\"wpgmaps_add_waypoint\" mapid=\"2\">\n\t\t\t\t\t\t\t<i class=\"fa fa-plus-circle\" aria-hidden=\"true\"><\/i>\n\t\t\t\t\t\t\tAjouter un polygone\t\t\t\t\t\t<\/a>\n\t\t\t\t\t<\/div>\n\t\t\t\t<\/div>\n\t\t\t<\/div>\n\n\t\t\t<div class=\"wpgmza-hidden\">\n\t\t\t<label class=\"wpgmza-travel-mode wpgmza-form-field__label\" for=\"wpgmza_dir_type_2\">\n\t\t\t\tPour\t\t\t<\/label>\n\t\t\t<select class=\"wpgmza-travel-mode wpgmza-form-field__input\" name=\"wpgmza_dir_type_2\" id=\"wpgmza_dir_type_2\"><option value=\"driving\">\n\t\t\t\t\tEn voiture\t\t\t\t<\/option><option value=\"walking\">\n\t\t\t\t\tA pied\t\t\t\t<\/option><option value=\"transit\">\n\t\t\t\t\tCouche Transport en commun\t\t\t\t<\/option><option value=\"bicycling\">\n\t\t\t\t\tA v\u00e9lo\t\t\t\t<\/option><\/select><\/div>\n\t\t<\/div>\n\t\t\t\n\t\t<div class=\"wpgmza-directions-options__section\">\n\t\t\t<a href=\"javascript:;\" class=\"wpgmza-show-directions-options\" id=\"wpgmza_show_options_2\" mapid=\"2\">\n\t\t\t\tafficher les options\t\t\t<\/a>\n\t\t\t\n\t\t\t<a href=\"javascript:;\" class=\"wpgmza-hide-directions-options\" id=\"wpgmza_hide_options_2\" mapid=\"2\">\n\t\t\t\tCacher les options\t\t\t<\/a>\n\t\t\t\n\t\t\t<div class=\"wpgmza-directions-options wpgmza-form-field wpgmza-form-field--no-pad wpgmza_dir_options\">\n\t\t\t\t<label class=\"class\">\n\t\t\t\t\t<input type=\"checkbox\" class=\"wpgmza-avoid-tolls\" value=\"tolls\" name=\"wpgmza_tolls_2\" id=\"wpgmza_tolls_2\">\n\t\t\t\t\tEviter les p\u00e9ages\t\t\t\t<\/label>\n\t\t\t\t<label class=\"class\">\n\t\t\t\t\t<input type=\"checkbox\" class=\"wpgmza-avoid-highways\" value=\"highways\" name=\"wpgmza_highways_2\" id=\"wpgmza_highways_2\">\n\t\t\t\t\tEviter les autoroutes\t\t\t\t<\/label>\n\t\t\t\t<label class=\"class\">\n\t\t\t\t\t<input type=\"checkbox\" class=\"wpgmza-avoid-ferries\" value=\"ferries\" name=\"wpgmza_ferries_2\" id=\"wpgmza_ferries_2\">\n\t\t\t\t\tAvoid Ferries\t\t\t\t<\/label>\n\t\t\t<\/div>\n\t\t<\/div>\n\t\t\n\t<\/div>\n\t\n\t<div class=\"wpgmza-directions-buttons wpgmza-form-field wpgmaps_to_row\">\n\t\t<input class=\"wpgmza-get-directions wpgmaps_get_directions\" onclick=\"javascript: ;\" type=\"button\" value=\"Allez\" id=\"2\"><span class=\"wpgmza-directions-result__buttons\">\n\t\t\t<a class=\"wpgmza-print-directions\" style=\"display: none;\" onclick=\"javascript: ;\" mapid=\"2\">\n\t\t\t\tImprimer l'itin\u00e9raire\t\t\t<\/a>\n\t\t\t\n\t\t\t<a class=\"wpgmza-reset-directions\" style=\"display: none;\" onclick=\"javascript: ;\" mapid=\"2\">\n\t\t\t\tAnnuler l'itin\u00e9raire\t\t\t<\/a>\n\t\t<\/span>\n\t<\/div>\n<\/div>\r\n\t\t\t\t\r\n\t\t\t\t<div id=\"wpgmaps_directions_notification_2\" style=\"display:none;\">Recherche d'itin\u00e9raire ......<\/div>\r\n\t\t\t\t\r\n\t\t\t\t<div id=\"wpgmaps_directions_reset_2\" style=\"display:none;\">\r\n\r\n\t\t\t\t\t<a href='javascript:void(0)' onclick='wpgmza_reset_directions(2);' id='wpgmaps_reset_directions' title='Annuler l'itin\u00e9raire'>Annuler l'itin\u00e9raire<\/a>\r\n\t\t\t\t\t<br \/>\r\n\t\t\t\t\t<a href='javascript: ;' id='wpgmaps_print_directions_2' target='_blank' title='Imprimer l'itin\u00e9raire'>Imprimer l'itin\u00e9raire<\/a>\r\n\t\t\t\t<\/div>\r\n\t\t\t\t\r\n\t\t\t\t<div id=\"directions_panel_2\"><\/div>\r\n\r\n\t\t\t<\/div><\/h2>\n<h2><strong>Court-Saint-Etienne<br \/><\/strong><\/h2>\n<ul>\n<li>Chez <a href=\"http:\/\/www.couleurs-sud.eu\/\">Couleurs Sud<\/a> (62B rue Emile Henricot) : du mardi au samedi, de 10h \u00e0 18h30<\/li>\n<li>Chez Olivier Henry : sur rendez-vous au 0495\/43.53.67<\/li>\n<\/ul>\n<h2><strong>Genappe<\/strong><\/h2>\n<ul>\n<li>Chez<a href=\"mailto:phgoubau@skynet.be\"> Philippe Goubau<\/a> : sur rendez-vous au 0475\/62.85.65<\/li>\n<li>Chez<a href=\"mailto:frederic.chome@gmail.com\"> Fr\u00e9d\u00e9ric Chom\u00e9<\/a> (Glabais) : sur rendez-vous au 0474\/70.18.32<\/li>\n<\/ul>\n<h2><strong>\u00a0<\/strong><\/h2>\n<h2><strong>Louvain-la-Neuve<br \/><\/strong><\/h2>\n<ul>\n<li>Quartier de la Baraque : chez <a title=\"Comptoirs\" href=\"mailto:fabienne.neuwels@gmail.com\">Fabienne Neuwels<\/a>, comptoir ambulant sur rendez-vous au 0474\/97.02.86<\/li>\n<li>Quartier de l&rsquo;Hocaille et Centre : aupr\u00e8s d&rsquo;Alter\u00e9kot, sur rendez-vous par mail <a href=\"mailto:alterekot@gmail.com\" target=\"_blank\" rel=\"noopener\"><span class=\"gmail_default\">\u200b<\/span>alterekot@gmail.com<\/a><\/li>\n<li>Chez\u00a0<a href=\"mailto:jpw@edpnet.be\">Jean Pierre Wilmotte<\/a>, comptoir cycliste et p\u00e9destre ambulant, sur rendez-vous au 010\/45.58.90<\/li>\n<\/ul>\n<h2><strong>Ottignies<br \/><\/strong><\/h2>\n<ul>\n<li>Au <a href=\"http:\/\/www.provelo.org\/fr\/ottignies\">Point V\u00e9lo<\/a> : 114 avenue des Combattants (Ottignies centre) 010\/40.15.13<\/li>\n<li>A la <a href=\"https:\/\/labouquineriedupub.wixsite.com\/ottignies\">Bouquinerie du Pub<\/a> : 1 place du Centre (Ottignies centre); mardi, vendredi et samedi de 10h30 \u00e0 18h30, et le jeudi de 14h30 \u00e0 22h30<\/li>\n<\/ul>\n<h2>\u00a0<strong>Villers-la-Ville<\/strong><\/h2>\n<ul>\n<li>Chez <a href=\"mailto:michele.gilkinet@cwacwa.be\">Mich\u00e8le Gilkinet<\/a>\u00a0: 9 ruelle du Sablon (Sart-Dames-Avelines) au 071\/87.67.79<\/li>\n<li>Chez Marie Chatelle : 57 rue de Strichon (Tilly) au 071\/87.96.12 ou 0497\/27.06.78<\/li>\n<\/ul>\n<h2><strong>Wavre<\/strong><\/h2>\n<ul>\n<li>Wavre : chez Hugues Dethienne, sur rendez-vous<a href=\"mailto:eec.wavreentransition@gmail.com\"> par courriel<\/a><\/li>\n<\/ul>\n<\/div>\n\n\n<p> <\/p>\n","protected":false},"excerpt":{"rendered":"<p>Liste des comptoirs de change du Talent Changer vos euros en Talents. Court-Saint-Etienne Chez Couleurs Sud (62B rue Emile Henricot) : du mardi au samedi, de 10h \u00e0 18h30 Chez Olivier Henry : sur rendez-vous au 0495\/43.53.67 Genappe Chez Philippe Goubau : sur rendez-vous au 0475\/62.85.65 Chez Fr\u00e9d\u00e9ric Chom\u00e9 (Glabais) : sur rendez-vous au 0474\/70.18.32 [&hellip;]<\/p>\n","protected":false},"author":2,"featured_media":0,"parent":0,"menu_order":0,"comment_status":"closed","ping_status":"closed","template":"","meta":{"footnotes":""},"class_list":["post-55","page","type-page","status-publish","hentry"],"acf":[],"_links":{"self":[{"href":"https:\/\/letalent.be\/index.php\/wp-json\/wp\/v2\/pages\/55","targetHints":{"allow":["GET"]}}],"collection":[{"href":"https:\/\/letalent.be\/index.php\/wp-json\/wp\/v2\/pages"}],"about":[{"href":"https:\/\/letalent.be\/index.php\/wp-json\/wp\/v2\/types\/page"}],"author":[{"embeddable":true,"href":"https:\/\/letalent.be\/index.php\/wp-json\/wp\/v2\/users\/2"}],"replies":[{"embeddable":true,"href":"https:\/\/letalent.be\/index.php\/wp-json\/wp\/v2\/comments?post=55"}],"version-history":[{"count":59,"href":"https:\/\/letalent.be\/index.php\/wp-json\/wp\/v2\/pages\/55\/revisions"}],"predecessor-version":[{"id":1344,"href":"https:\/\/letalent.be\/index.php\/wp-json\/wp\/v2\/pages\/55\/revisions\/1344"}],"wp:attachment":[{"href":"https:\/\/letalent.be\/index.php\/wp-json\/wp\/v2\/media?parent=55"}],"curies":[{"name":"wp","href":"https:\/\/api.w.org\/{rel}","templated":true}]}}