{"id":13,"date":"2017-10-25T20:44:15","date_gmt":"2017-10-25T18:44:15","guid":{"rendered":"http:\/\/letalent.eu\/index.php\/le-talent\/historique\/"},"modified":"2017-11-05T23:37:10","modified_gmt":"2017-11-05T22:37:10","slug":"historique","status":"publish","type":"page","link":"https:\/\/letalent.be\/index.php\/le-talent\/historique\/","title":{"rendered":"Fonctionnement"},"content":{"rendered":"<div class=\"entry-content container clearfix\">\n<h2>Comment le syst\u00e8me du Talent fonctionne-t-il ?<\/h2>\n<p><strong>1 Talent = 1 euro : <\/strong>il y a donc parit\u00e9 parfaite entre les deux monnaies.<\/p>\n<p>Au d\u00e9part, les citoyens \u00e9changent leurs euros contre des Talents dans un <strong>comptoir d\u2019\u00e9change<\/strong>.<\/p>\n<p>Le comptoir transf\u00e8re les euros vers l<strong>\u2019ASBL Le Talent<\/strong> qui les d\u00e9pose sur un compte d\u2019\u00e9pargne dans une banque \u00e9thique, Triodos.<\/p>\n<p>Riches de leurs Talents, les consommateurs paient des biens ou des services au sein d\u2019<strong>un r\u00e9seau de partenaires prestataires<\/strong>.<\/p>\n<p>Les prestataires paient \u00e0 leur tour leurs fournisseurs en Talents, ils r\u00e8glent une partie de leurs d\u00e9penses personnelles en Talents, ils accordent des avantages aux clients qui les paient en Talents, ils rendent la monnaie en Talents \u00e0 leurs clients ou leurs patients\u2026 Ils participent ainsi \u00e0 la circulation de la monnaie qui reste dans l&rsquo;\u00e9conomie locale et ne s&rsquo;en va pas \u00e0 la sp\u00e9culation ou \u00e0 la th\u00e9saurisation.<\/p>\n<p>Toutes les op\u00e9rations s\u2019int\u00e8grent parfaitement dans les <strong>dispositifs l\u00e9gaux tels que la TVA ou la fiscalit\u00e9<\/strong>. On peut comparer les billets en Talents \u00e0 des ch\u00e8ques-repas sauf qu\u2019ils ne sont utilisables et valorisables que chez les prestataires d&rsquo;Ottignies-LLN, Court-Saint-Etienne, Genappe, Villers-la-Ville et La Hulpe qui adh\u00e8rent au Talent.<\/p>\n<p>Quelles sont les garanties de s\u00e9curit\u00e9 offertes par le Talent ?<\/p>\n<p>Le Talent se pr\u00e9sente sous la forme de 5<strong> billets<\/strong> que l\u2019on peut se procurer dans<a href=\"http:\/\/www.letalent.be\/?page_id=1242\"> les comptoirs d\u2019\u00e9change. <\/a>Les billets de 1T, 2,5T, 5T, 10T et 20T sont tous munis de diff\u00e9rents \u00e9l\u00e9ments de s\u00e9curit\u00e9 afin que nous puissions d\u00e9tecter ais\u00e9ment d\u2019\u00e9ventuelles falsifications.<\/p>\n<p>A chaque Talent en circulation correspond un euro plac\u00e9 sur un compte d\u2019\u00e9pargne <strong>dans un organisme bancaire \u00e9thique (Triodos)<\/strong>, le tout g\u00e9r\u00e9 par l\u2019ASBL \u00ab\u00a0Le Talent\u00a0\u00bb. Cette derni\u00e8re\u00a0est compos\u00e9e de deux coll\u00e8ges : les citoyens utilisateurs, et les prestataires priv\u00e9s ou institutionnels. La comptabilit\u00e9 est assur\u00e9e par un professionnel, supervis\u00e9e par un comptable-fiscaliste et contr\u00f4l\u00e9e par deux r\u00e9viseurs aux comptes.<\/p>\n<h2>Quelles sont les sources de financements du Talent ?<\/h2>\n<p>La premi\u00e8re source de rentr\u00e9e vient des cotisations pay\u00e9es par chaque membre (5T ou 5\u20ac). De m\u00eame, les prestataires et commer\u00e7ants s\u2019acquitteront d\u2019une participation \u00e0 partir de la deuxi\u00e8me ann\u00e9e. Par ailleurs, l\u2019ASBL a b\u00e9n\u00e9fici\u00e9 d\u2019un subside de la Fondation Roi Baudouin et du soutien de Financit\u00e9. Cet argent permet de financer les frais de de communication, achat de mat\u00e9riel, impression des billets, etc.<\/p>\n<\/div>\n","protected":false},"excerpt":{"rendered":"<p>Comment le syst\u00e8me du Talent fonctionne-t-il ? 1 Talent = 1 euro : il y a donc parit\u00e9 parfaite entre les deux monnaies. Au d\u00e9part, les citoyens \u00e9changent leurs euros contre des Talents dans un comptoir d\u2019\u00e9change. Le comptoir transf\u00e8re les euros vers l\u2019ASBL Le Talent qui les d\u00e9pose sur un compte d\u2019\u00e9pargne dans une [&hellip;]<\/p>\n","protected":false},"author":1,"featured_media":0,"parent":12,"menu_order":3,"comment_status":"closed","ping_status":"closed","template":"","meta":{"footnotes":""},"class_list":["post-13","page","type-page","status-publish","hentry"],"acf":[],"_links":{"self":[{"href":"https:\/\/letalent.be\/index.php\/wp-json\/wp\/v2\/pages\/13","targetHints":{"allow":["GET"]}}],"collection":[{"href":"https:\/\/letalent.be\/index.php\/wp-json\/wp\/v2\/pages"}],"about":[{"href":"https:\/\/letalent.be\/index.php\/wp-json\/wp\/v2\/types\/page"}],"author":[{"embeddable":true,"href":"https:\/\/letalent.be\/index.php\/wp-json\/wp\/v2\/users\/1"}],"replies":[{"embeddable":true,"href":"https:\/\/letalent.be\/index.php\/wp-json\/wp\/v2\/comments?post=13"}],"version-history":[{"count":3,"href":"https:\/\/letalent.be\/index.php\/wp-json\/wp\/v2\/pages\/13\/revisions"}],"predecessor-version":[{"id":248,"href":"https:\/\/letalent.be\/index.php\/wp-json\/wp\/v2\/pages\/13\/revisions\/248"}],"up":[{"embeddable":true,"href":"https:\/\/letalent.be\/index.php\/wp-json\/wp\/v2\/pages\/12"}],"wp:attachment":[{"href":"https:\/\/letalent.be\/index.php\/wp-json\/wp\/v2\/media?parent=13"}],"curies":[{"name":"wp","href":"https:\/\/api.w.org\/{rel}","templated":true}]}}